{"id":758,"date":"2022-02-08T09:02:23","date_gmt":"2022-02-08T09:02:23","guid":{"rendered":"https:\/\/xstore.8theme.com\/elementor\/demos\/minimal-electronics\/?post_type=product&#038;p=758"},"modified":"2025-03-30T10:31:13","modified_gmt":"2025-03-30T13:31:13","slug":"smartthings-indoor-1080p-wi-fi-security-camera","status":"publish","type":"product","link":"https:\/\/blackrook.com.br\/loja\/produto\/smartthings-indoor-1080p-wi-fi-security-camera\/","title":{"rendered":"FONTE LIKETEC STEEL DIAMOND 400W ( 80 PLUS BRONZE \/ CAPACITORES JAPONESES\/FAN120MM)"},"content":{"rendered":"\t\t<div data-elementor-type=\"wp-post\" data-elementor-id=\"758\" class=\"elementor elementor-758\" data-elementor-post-type=\"product\">\n\t\t\t\t\t\t<section class=\"elementor-section elementor-top-section elementor-element elementor-element-842a606 elementor-section-boxed elementor-section-height-default elementor-section-height-default\" data-id=\"842a606\" data-element_type=\"section\">\n\t\t\t\t\t\t<div class=\"elementor-container elementor-column-gap-no\">\n\t\t\t\t\t<div class=\"elementor-column elementor-col-50 elementor-top-column elementor-element elementor-element-c88d066\" data-id=\"c88d066\" data-element_type=\"column\">\n\t\t\t<div class=\"elementor-widget-wrap elementor-element-populated\">\n\t\t\t\t\t\t<div class=\"elementor-element elementor-element-b3cd8ff elementor-widget elementor-widget-heading\" data-id=\"b3cd8ff\" data-element_type=\"widget\" data-widget_type=\"heading.default\">\n\t\t\t\t<div class=\"elementor-widget-container\">\n\t\t\t\t\t<h2 class=\"elementor-heading-title elementor-size-default\">Especifica\u00e7\u00f5es T\u00e9cnicas<\/h2>\t\t\t\t<\/div>\n\t\t\t\t<\/div>\n\t\t\t\t\t<\/div>\n\t\t<\/div>\n\t\t\t\t<div class=\"elementor-column elementor-col-50 elementor-top-column elementor-element elementor-element-3314be9\" data-id=\"3314be9\" data-element_type=\"column\">\n\t\t\t<div class=\"elementor-widget-wrap elementor-element-populated\">\n\t\t\t\t\t\t<div class=\"elementor-element elementor-element-70da261 elementor-widget elementor-widget-text-editor\" data-id=\"70da261\" data-element_type=\"widget\" data-widget_type=\"text-editor.default\">\n\t\t\t\t<div class=\"elementor-widget-container\">\n\t\t\t\t\t\t\t\t\t<div id=\"esptec\" class=\"panel-collapse collapse in\" aria-expanded=\"true\"><div class=\"panel-body\"><div class=\"tecnicas\"><p><strong>Marca:<\/strong><br \/>Liketec<\/p><p><strong>Modelo:<\/strong><br \/>STEEL DIAMOND 400w<\/p><p><strong>Cor:<\/strong><br \/>Preta<\/p><p><strong>Pot\u00eancia:<\/strong><br \/>400W<\/p><p><strong>PFC Ativo:<\/strong><br \/>Sim<\/p><p><strong>80 Plus Bronze:<\/strong><br \/>Sim<\/p><p><strong>Fan:<\/strong><br \/>120mm\u00a0<\/p><p><strong>Capacitores japoneses:<\/strong><br \/>Sim<\/p><\/div><\/div><\/div>\t\t\t\t\t\t\t\t<\/div>\n\t\t\t\t<\/div>\n\t\t\t\t\t<\/div>\n\t\t<\/div>\n\t\t\t\t\t<\/div>\n\t\t<\/section>\n\t\t\t\t<\/div>\n\t\t","protected":false},"excerpt":{"rendered":"<p>A <strong>Fonte Liketec Steel Diamond 400W<\/strong> \u00e9 a escolha ideal para quem busca um fornecimento de energia est\u00e1vel e eficiente para seu PC. Com certifica\u00e7\u00e3o <strong>80 Plus Bronze<\/strong>, <strong>PFC Ativo<\/strong> e constru\u00e7\u00e3o robusta na cor <strong>preta<\/strong>, ela garante um desempenho confi\u00e1vel, reduzindo o desperd\u00edcio de energia e proporcionando maior durabilidade aos componentes do seu sistema.<\/p>\n","protected":false},"featured_media":2147,"comment_status":"open","ping_status":"closed","template":"","meta":{"_joinchat":[]},"etheme_brands":[{"term_id":33,"name":"Brand 1","slug":"brand-1","term_group":0,"term_taxonomy_id":33,"taxonomy":"brand","description":"","parent":0,"count":1,"filter":"raw"}],"product_brand":[],"product_cat":[26],"product_tag":[],"class_list":{"0":"post-758","1":"product","2":"type-product","3":"status-publish","4":"has-post-thumbnail","6":"brand-brand-1","7":"product_cat-fonte","9":"first","10":"instock","11":"sold-individually","12":"shipping-taxable","13":"product-type-simple"},"_links":{"self":[{"href":"https:\/\/blackrook.com.br\/loja\/wp-json\/wp\/v2\/product\/758","targetHints":{"allow":["GET"]}}],"collection":[{"href":"https:\/\/blackrook.com.br\/loja\/wp-json\/wp\/v2\/product"}],"about":[{"href":"https:\/\/blackrook.com.br\/loja\/wp-json\/wp\/v2\/types\/product"}],"replies":[{"embeddable":true,"href":"https:\/\/blackrook.com.br\/loja\/wp-json\/wp\/v2\/comments?post=758"}],"version-history":[{"count":6,"href":"https:\/\/blackrook.com.br\/loja\/wp-json\/wp\/v2\/product\/758\/revisions"}],"predecessor-version":[{"id":2553,"href":"https:\/\/blackrook.com.br\/loja\/wp-json\/wp\/v2\/product\/758\/revisions\/2553"}],"wp:featuredmedia":[{"embeddable":true,"href":"https:\/\/blackrook.com.br\/loja\/wp-json\/wp\/v2\/media\/2147"}],"wp:attachment":[{"href":"https:\/\/blackrook.com.br\/loja\/wp-json\/wp\/v2\/media?parent=758"}],"wp:term":[{"taxonomy":"brand","embeddable":true,"href":"https:\/\/blackrook.com.br\/loja\/wp-json\/wp\/v2\/etheme_brands?post=758"},{"taxonomy":"product_brand","embeddable":true,"href":"https:\/\/blackrook.com.br\/loja\/wp-json\/wp\/v2\/product_brand?post=758"},{"taxonomy":"product_cat","embeddable":true,"href":"https:\/\/blackrook.com.br\/loja\/wp-json\/wp\/v2\/product_cat?post=758"},{"taxonomy":"product_tag","embeddable":true,"href":"https:\/\/blackrook.com.br\/loja\/wp-json\/wp\/v2\/product_tag?post=758"}],"curies":[{"name":"wp","href":"https:\/\/api.w.org\/{rel}","templated":true}]}}