{"id":2336,"date":"2025-01-29T13:57:52","date_gmt":"2025-01-29T16:57:52","guid":{"rendered":"https:\/\/blackrook.com.br\/?post_type=product&#038;p=2336"},"modified":"2025-03-30T12:51:57","modified_gmt":"2025-03-30T15:51:57","slug":"gabinete-liketec-gamer-kingdom-snow-sem-fan-cubo-design-atx-frontal-laterla-teto-em-vidro-psu-cover","status":"publish","type":"product","link":"https:\/\/blackrook.com.br\/loja\/produto\/gabinete-liketec-gamer-kingdom-snow-sem-fan-cubo-design-atx-frontal-laterla-teto-em-vidro-psu-cover\/","title":{"rendered":"GABINETE LIKETEC GAMER KINGDOM SNOW (SEM FAN \/ CUBO DESIGN \/ ATX \/FRONTAL LATERLA TETO EM VIDRO \/ PSU COVER)"},"content":{"rendered":"\t\t<div data-elementor-type=\"wp-post\" data-elementor-id=\"2336\" class=\"elementor elementor-2336\" data-elementor-post-type=\"product\">\n\t\t\t\t\t\t<section class=\"elementor-section elementor-top-section elementor-element elementor-element-842a606 elementor-section-boxed elementor-section-height-default elementor-section-height-default\" data-id=\"842a606\" data-element_type=\"section\">\n\t\t\t\t\t\t<div class=\"elementor-container elementor-column-gap-no\">\n\t\t\t\t\t<div class=\"elementor-column elementor-col-50 elementor-top-column elementor-element elementor-element-c88d066\" data-id=\"c88d066\" data-element_type=\"column\">\n\t\t\t<div class=\"elementor-widget-wrap elementor-element-populated\">\n\t\t\t\t\t\t<div class=\"elementor-element elementor-element-b3cd8ff elementor-widget elementor-widget-heading\" data-id=\"b3cd8ff\" data-element_type=\"widget\" data-widget_type=\"heading.default\">\n\t\t\t\t<div class=\"elementor-widget-container\">\n\t\t\t\t\t<h2 class=\"elementor-heading-title elementor-size-default\">Especifica\u00e7\u00f5es T\u00e9cnicas<\/h2>\t\t\t\t<\/div>\n\t\t\t\t<\/div>\n\t\t\t\t\t<\/div>\n\t\t<\/div>\n\t\t\t\t<div class=\"elementor-column elementor-col-50 elementor-top-column elementor-element elementor-element-3314be9\" data-id=\"3314be9\" data-element_type=\"column\">\n\t\t\t<div class=\"elementor-widget-wrap elementor-element-populated\">\n\t\t\t\t\t\t<div class=\"elementor-element elementor-element-5050517 elementor-widget elementor-widget-text-editor\" data-id=\"5050517\" data-element_type=\"widget\" data-widget_type=\"text-editor.default\">\n\t\t\t\t<div class=\"elementor-widget-container\">\n\t\t\t\t\t\t\t\t\t<p>Marca:<\/p><p>Liketec<\/p><p>Modelo:<\/p><p>KINGDOM SNOW<\/p><p>Materiais:<\/p><p>A\u00e7o, Vidro Temperado<\/p><p>SPCC:<\/p><p>Espessura de 0,5 mm<\/p><p>Suporte para Placa-M\u00e3e:<\/p><p>ATX \/ mATX \/ ITX<\/p><p>Pain\u00e9is Frontal, Lateral e Superior:<\/p><p>Vidro x<\/p><p>Painel Lateral Direito:<\/p><p>Metal<\/p><p>Filtro de Poeira Magn\u00e9tico:<\/p><p>Inferior<\/p><p>Portas I\/O:<\/p><p>USB 3.0 x 1<\/p><p>USB 1.1 x 2<\/p><p>\u00c1udio HD<\/p><p>Suporte para Ventiladores:<\/p><p>Traseiro: 1 x 120 mm<\/p><p>Inferior: 2 x 120 mm<\/p><p>Suporte para Baias de Unidade:<\/p><p>HDD de 3,5&#8243; x 2<\/p><p>SSD de 2,5&#8243; x 1<\/p><p>Slots de Expans\u00e3o PCI:<\/p><p>x 7<\/p><p>Comprimento M\u00e1ximo da VGA:<\/p><p>280 mm<\/p><p>Altura M\u00e1xima da CPU:<\/p><p>155 mm<\/p><p>Comprimento M\u00e1ximo da PSU:<\/p><p>180 mm<\/p><p>Tamanho do Gabinete:<\/p><p>315 (C) x 188 (L) x 433 (A) mm<\/p>\t\t\t\t\t\t\t\t<\/div>\n\t\t\t\t<\/div>\n\t\t\t\t\t<\/div>\n\t\t<\/div>\n\t\t\t\t\t<\/div>\n\t\t<\/section>\n\t\t\t\t<\/div>\n\t\t","protected":false},"excerpt":{"rendered":"<p>Descubra o poder de transformar seu espa\u00e7o com a eleg\u00e2ncia e a tecnologia de ponta que s\u00f3 a Sky Tower Series pode oferecer. Adquira agora o seu Kindgon e leve seu setup para o pr\u00f3ximo n\u00edvel!<\/p>\n","protected":false},"featured_media":2338,"comment_status":"open","ping_status":"closed","template":"","meta":{"_joinchat":[]},"etheme_brands":[],"product_brand":[],"product_cat":[21],"product_tag":[],"class_list":{"0":"post-2336","1":"product","2":"type-product","3":"status-publish","4":"has-post-thumbnail","6":"product_cat-gabinete-gamer","8":"first","9":"instock","10":"sold-individually","11":"shipping-taxable","12":"product-type-simple"},"_links":{"self":[{"href":"https:\/\/blackrook.com.br\/loja\/wp-json\/wp\/v2\/product\/2336","targetHints":{"allow":["GET"]}}],"collection":[{"href":"https:\/\/blackrook.com.br\/loja\/wp-json\/wp\/v2\/product"}],"about":[{"href":"https:\/\/blackrook.com.br\/loja\/wp-json\/wp\/v2\/types\/product"}],"replies":[{"embeddable":true,"href":"https:\/\/blackrook.com.br\/loja\/wp-json\/wp\/v2\/comments?post=2336"}],"version-history":[{"count":7,"href":"https:\/\/blackrook.com.br\/loja\/wp-json\/wp\/v2\/product\/2336\/revisions"}],"predecessor-version":[{"id":2645,"href":"https:\/\/blackrook.com.br\/loja\/wp-json\/wp\/v2\/product\/2336\/revisions\/2645"}],"wp:featuredmedia":[{"embeddable":true,"href":"https:\/\/blackrook.com.br\/loja\/wp-json\/wp\/v2\/media\/2338"}],"wp:attachment":[{"href":"https:\/\/blackrook.com.br\/loja\/wp-json\/wp\/v2\/media?parent=2336"}],"wp:term":[{"taxonomy":"brand","embeddable":true,"href":"https:\/\/blackrook.com.br\/loja\/wp-json\/wp\/v2\/etheme_brands?post=2336"},{"taxonomy":"product_brand","embeddable":true,"href":"https:\/\/blackrook.com.br\/loja\/wp-json\/wp\/v2\/product_brand?post=2336"},{"taxonomy":"product_cat","embeddable":true,"href":"https:\/\/blackrook.com.br\/loja\/wp-json\/wp\/v2\/product_cat?post=2336"},{"taxonomy":"product_tag","embeddable":true,"href":"https:\/\/blackrook.com.br\/loja\/wp-json\/wp\/v2\/product_tag?post=2336"}],"curies":[{"name":"wp","href":"https:\/\/api.w.org\/{rel}","templated":true}]}}