{"id":2326,"date":"2025-01-29T13:42:32","date_gmt":"2025-01-29T16:42:32","guid":{"rendered":"https:\/\/blackrook.com.br\/?post_type=product&#038;p=2326"},"modified":"2025-03-30T12:54:29","modified_gmt":"2025-03-30T15:54:29","slug":"gabinete-liketec-gamer-atlas-dark-argb-6x-fan-argb-cubo-design-atx-frontal-vidro","status":"publish","type":"product","link":"https:\/\/blackrook.com.br\/loja\/produto\/gabinete-liketec-gamer-atlas-dark-argb-6x-fan-argb-cubo-design-atx-frontal-vidro\/","title":{"rendered":"GABINETE LIKETEC GAMER ILUSION SNOW (SEM FAN \/ CUBO DESIGN \/ M-ATX \/FRONTAL VIDRO)"},"content":{"rendered":"\t\t<div data-elementor-type=\"wp-post\" data-elementor-id=\"2326\" class=\"elementor elementor-2326\" data-elementor-post-type=\"product\">\n\t\t\t\t\t\t<section class=\"elementor-section elementor-top-section elementor-element elementor-element-842a606 elementor-section-boxed elementor-section-height-default elementor-section-height-default\" data-id=\"842a606\" data-element_type=\"section\">\n\t\t\t\t\t\t<div class=\"elementor-container elementor-column-gap-no\">\n\t\t\t\t\t<div class=\"elementor-column elementor-col-50 elementor-top-column elementor-element elementor-element-c88d066\" data-id=\"c88d066\" data-element_type=\"column\">\n\t\t\t<div class=\"elementor-widget-wrap elementor-element-populated\">\n\t\t\t\t\t\t<div class=\"elementor-element elementor-element-b3cd8ff elementor-widget elementor-widget-heading\" data-id=\"b3cd8ff\" data-element_type=\"widget\" data-widget_type=\"heading.default\">\n\t\t\t\t<div class=\"elementor-widget-container\">\n\t\t\t\t\t<h2 class=\"elementor-heading-title elementor-size-default\">Especifica\u00e7\u00f5es T\u00e9cnicas<\/h2>\t\t\t\t<\/div>\n\t\t\t\t<\/div>\n\t\t\t\t\t<\/div>\n\t\t<\/div>\n\t\t\t\t<div class=\"elementor-column elementor-col-50 elementor-top-column elementor-element elementor-element-3314be9\" data-id=\"3314be9\" data-element_type=\"column\">\n\t\t\t<div class=\"elementor-widget-wrap elementor-element-populated\">\n\t\t\t\t\t\t<div class=\"elementor-element elementor-element-f854c65 elementor-widget elementor-widget-text-editor\" data-id=\"f854c65\" data-element_type=\"widget\" data-widget_type=\"text-editor.default\">\n\t\t\t\t<div class=\"elementor-widget-container\">\n\t\t\t\t\t\t\t\t\t<p>Marca: Liketec<\/p><p>Modelo: LC-CB2X2-ILUSION-2113<\/p><p>Cor: Branco neve<\/p><p>Compatibilidade da Placa-m\u00e3e: Micro-ATX \/ ITX<\/p><p>Espessura do Metal: 0,7mm SPCC<\/p><p>Painel Frontal: Vidro temperado<\/p><p>Painel Lateral Esquerdo: Vidro temperado<\/p><p>Portas e Conex\u00f5es: USB: 1x, USB: 3.0 2x<\/p><p>\u00c1udio: HD \u00c1udio<\/p><p>Baias: 2 x HD 3.5&#8243;&#8221;, 2 x SSD 2.5&#8243;&#8221;<\/p><p>Capacidade de Fans: 9<\/p><p>Suporte de Fans: 2 x MB<\/p><p>3 x Superior<\/p><p>3 x Inferior<\/p><p>1 x Traseiro<\/p><p>Suporte Water Cooler: 360mm Topo<\/p><p>120mm Traseiro<\/p><p>Comprimento de Placa V\u00eddeo: 400mm<\/p><p>Altura do Air Cooler: 160mm<\/p><p>Dimens\u00f5es do Gabinete: A 41,8cm x P 37,5cm x L 28cm<\/p>\t\t\t\t\t\t\t\t<\/div>\n\t\t\t\t<\/div>\n\t\t\t\t\t<\/div>\n\t\t<\/div>\n\t\t\t\t\t<\/div>\n\t\t<\/section>\n\t\t\t\t<\/div>\n\t\t","protected":false},"excerpt":{"rendered":"<p>O <strong>Gabinete Gamer Liketec Ilusion Snow<\/strong> \u00e9 a escolha perfeita para quem busca um design sofisticado e moderno sem abrir m\u00e3o da funcionalidade. Com um visual <strong>aqu\u00e1rio<\/strong> impressionante, acabamento <strong>branco elegante<\/strong> e <strong>pain\u00e9is de vidro temperado<\/strong>, ele \u00e9 ideal para setups que valorizam tanto a est\u00e9tica quanto a efici\u00eancia t\u00e9rmica.<\/p>\n","protected":false},"featured_media":2324,"comment_status":"open","ping_status":"closed","template":"","meta":{"_joinchat":[]},"etheme_brands":[],"product_brand":[],"product_cat":[21],"product_tag":[],"class_list":{"0":"post-2326","1":"product","2":"type-product","3":"status-publish","4":"has-post-thumbnail","6":"product_cat-gabinete-gamer","8":"first","9":"instock","10":"sold-individually","11":"shipping-taxable","12":"product-type-simple"},"_links":{"self":[{"href":"https:\/\/blackrook.com.br\/loja\/wp-json\/wp\/v2\/product\/2326","targetHints":{"allow":["GET"]}}],"collection":[{"href":"https:\/\/blackrook.com.br\/loja\/wp-json\/wp\/v2\/product"}],"about":[{"href":"https:\/\/blackrook.com.br\/loja\/wp-json\/wp\/v2\/types\/product"}],"replies":[{"embeddable":true,"href":"https:\/\/blackrook.com.br\/loja\/wp-json\/wp\/v2\/comments?post=2326"}],"version-history":[{"count":8,"href":"https:\/\/blackrook.com.br\/loja\/wp-json\/wp\/v2\/product\/2326\/revisions"}],"predecessor-version":[{"id":2650,"href":"https:\/\/blackrook.com.br\/loja\/wp-json\/wp\/v2\/product\/2326\/revisions\/2650"}],"wp:featuredmedia":[{"embeddable":true,"href":"https:\/\/blackrook.com.br\/loja\/wp-json\/wp\/v2\/media\/2324"}],"wp:attachment":[{"href":"https:\/\/blackrook.com.br\/loja\/wp-json\/wp\/v2\/media?parent=2326"}],"wp:term":[{"taxonomy":"brand","embeddable":true,"href":"https:\/\/blackrook.com.br\/loja\/wp-json\/wp\/v2\/etheme_brands?post=2326"},{"taxonomy":"product_brand","embeddable":true,"href":"https:\/\/blackrook.com.br\/loja\/wp-json\/wp\/v2\/product_brand?post=2326"},{"taxonomy":"product_cat","embeddable":true,"href":"https:\/\/blackrook.com.br\/loja\/wp-json\/wp\/v2\/product_cat?post=2326"},{"taxonomy":"product_tag","embeddable":true,"href":"https:\/\/blackrook.com.br\/loja\/wp-json\/wp\/v2\/product_tag?post=2326"}],"curies":[{"name":"wp","href":"https:\/\/api.w.org\/{rel}","templated":true}]}}