{"id":2302,"date":"2025-01-29T13:31:34","date_gmt":"2025-01-29T16:31:34","guid":{"rendered":"https:\/\/blackrook.com.br\/?post_type=product&#038;p=2302"},"modified":"2025-03-30T12:46:31","modified_gmt":"2025-03-30T15:46:31","slug":"gabinete-liketec-gamer-atlas-snow-sem-fan-cubo-design-atx-frontal-vidro","status":"publish","type":"product","link":"https:\/\/blackrook.com.br\/loja\/produto\/gabinete-liketec-gamer-atlas-snow-sem-fan-cubo-design-atx-frontal-vidro\/","title":{"rendered":"GABINETE LIKETEC GAMER ATLAS SNOW (SEM FAN \/ CUBO DESIGN \/ ATX \/ FRONTAL VIDRO)"},"content":{"rendered":"\t\t<div data-elementor-type=\"wp-post\" data-elementor-id=\"2302\" class=\"elementor elementor-2302\" data-elementor-post-type=\"product\">\n\t\t\t\t\t\t<section class=\"elementor-section elementor-top-section elementor-element elementor-element-842a606 elementor-section-boxed elementor-section-height-default elementor-section-height-default\" data-id=\"842a606\" data-element_type=\"section\">\n\t\t\t\t\t\t<div class=\"elementor-container elementor-column-gap-no\">\n\t\t\t\t\t<div class=\"elementor-column elementor-col-50 elementor-top-column elementor-element elementor-element-c88d066\" data-id=\"c88d066\" data-element_type=\"column\">\n\t\t\t<div class=\"elementor-widget-wrap elementor-element-populated\">\n\t\t\t\t\t\t<div class=\"elementor-element elementor-element-b3cd8ff elementor-widget elementor-widget-heading\" data-id=\"b3cd8ff\" data-element_type=\"widget\" data-widget_type=\"heading.default\">\n\t\t\t\t<div class=\"elementor-widget-container\">\n\t\t\t\t\t<h2 class=\"elementor-heading-title elementor-size-default\">Especifica\u00e7\u00f5es T\u00e9cnicas<\/h2>\t\t\t\t<\/div>\n\t\t\t\t<\/div>\n\t\t\t\t\t<\/div>\n\t\t<\/div>\n\t\t\t\t<div class=\"elementor-column elementor-col-50 elementor-top-column elementor-element elementor-element-3314be9\" data-id=\"3314be9\" data-element_type=\"column\">\n\t\t\t<div class=\"elementor-widget-wrap elementor-element-populated\">\n\t\t\t\t\t\t<div class=\"elementor-element elementor-element-3647726 elementor-widget elementor-widget-text-editor\" data-id=\"3647726\" data-element_type=\"widget\" data-widget_type=\"text-editor.default\">\n\t\t\t\t<div class=\"elementor-widget-container\">\n\t\t\t\t\t\t\t\t\t<div id=\"esptec\" class=\"panel-collapse collapse in\" aria-expanded=\"true\"><div class=\"panel-body\"><div class=\"tecnicas\"><p><b>Marca:<\/b><br \/>Liketec<\/p><p><strong>Modelo:<\/strong><br \/>ATLAS SNOW\u00a0&#8211; 2117<\/p><p><strong>Cor:<\/strong><br \/>Branco<\/p><p><strong>Tipo:<\/strong><br \/>Full View Glass Case (Caixa com vis\u00e3o total em vidro)<\/p><p><strong>Dimens\u00f5es do Produto:<\/strong><br \/>420 x 285 x 390 mm (C x L x A)<\/p><p><strong>Dimens\u00f5es da Embalagem:<\/strong><br \/>455 x 345 x 480 mm<\/p><p><strong>Compatibilidade da Placa-m\u00e3e:<\/strong><br \/>ATX \/ Micro-ATX \/ ITX<\/p><p><strong>Espessura do Metal:<\/strong><br \/>0,7mm SPCC com pintura preta<\/p><p><strong>Painel Frontal:<\/strong><br \/>Vidro temperado<\/p><p><strong>Painel Lateral Esquerdo:<\/strong><br \/>Vidro temperado com 4 parafusos<\/p><p><strong>Portas e Conex\u00f5es:<\/strong><br \/>Portas USB: 1x USB 3.0 + 2x USB 1.0<br \/>\u00c1udio: HD Audio<\/p><\/div><\/div><\/div>\t\t\t\t\t\t\t\t<\/div>\n\t\t\t\t<\/div>\n\t\t\t\t\t<\/div>\n\t\t<\/div>\n\t\t\t\t\t<\/div>\n\t\t<\/section>\n\t\t\t\t<\/div>\n\t\t","protected":false},"excerpt":{"rendered":"<p>O <strong>Gabinete Gamer Liketec Atlas Snow<\/strong> \u00e9 a escolha perfeita para quem deseja um setup elegante, espa\u00e7oso e pronto para personaliza\u00e7\u00e3o. Com um design <strong>Aqu\u00e1rio<\/strong> e estrutura <strong>Mid Tower<\/strong>, ele combina um visual sofisticado com ampla compatibilidade para diferentes configura\u00e7\u00f5es de hardware. Seu acabamento na cor <strong>branca<\/strong> confere um toque clean e moderno, ideal para setups minimalistas ou tem\u00e1ticos.<\/p>\n","protected":false},"featured_media":2308,"comment_status":"open","ping_status":"closed","template":"","meta":{"_joinchat":[]},"etheme_brands":[],"product_brand":[],"product_cat":[21],"product_tag":[],"class_list":{"0":"post-2302","1":"product","2":"type-product","3":"status-publish","4":"has-post-thumbnail","6":"product_cat-gabinete-gamer","8":"first","9":"instock","10":"sold-individually","11":"shipping-taxable","12":"product-type-simple"},"_links":{"self":[{"href":"https:\/\/blackrook.com.br\/loja\/wp-json\/wp\/v2\/product\/2302","targetHints":{"allow":["GET"]}}],"collection":[{"href":"https:\/\/blackrook.com.br\/loja\/wp-json\/wp\/v2\/product"}],"about":[{"href":"https:\/\/blackrook.com.br\/loja\/wp-json\/wp\/v2\/types\/product"}],"replies":[{"embeddable":true,"href":"https:\/\/blackrook.com.br\/loja\/wp-json\/wp\/v2\/comments?post=2302"}],"version-history":[{"count":6,"href":"https:\/\/blackrook.com.br\/loja\/wp-json\/wp\/v2\/product\/2302\/revisions"}],"predecessor-version":[{"id":2628,"href":"https:\/\/blackrook.com.br\/loja\/wp-json\/wp\/v2\/product\/2302\/revisions\/2628"}],"wp:featuredmedia":[{"embeddable":true,"href":"https:\/\/blackrook.com.br\/loja\/wp-json\/wp\/v2\/media\/2308"}],"wp:attachment":[{"href":"https:\/\/blackrook.com.br\/loja\/wp-json\/wp\/v2\/media?parent=2302"}],"wp:term":[{"taxonomy":"brand","embeddable":true,"href":"https:\/\/blackrook.com.br\/loja\/wp-json\/wp\/v2\/etheme_brands?post=2302"},{"taxonomy":"product_brand","embeddable":true,"href":"https:\/\/blackrook.com.br\/loja\/wp-json\/wp\/v2\/product_brand?post=2302"},{"taxonomy":"product_cat","embeddable":true,"href":"https:\/\/blackrook.com.br\/loja\/wp-json\/wp\/v2\/product_cat?post=2302"},{"taxonomy":"product_tag","embeddable":true,"href":"https:\/\/blackrook.com.br\/loja\/wp-json\/wp\/v2\/product_tag?post=2302"}],"curies":[{"name":"wp","href":"https:\/\/api.w.org\/{rel}","templated":true}]}}