{"id":2291,"date":"2025-01-29T13:24:48","date_gmt":"2025-01-29T16:24:48","guid":{"rendered":"https:\/\/blackrook.com.br\/?post_type=product&#038;p=2291"},"modified":"2025-03-30T12:44:55","modified_gmt":"2025-03-30T15:44:55","slug":"gabinete-liketec-the-rock-office-m-atx-sem-fonte-frontal-e-interior-preto","status":"publish","type":"product","link":"https:\/\/blackrook.com.br\/loja\/produto\/gabinete-liketec-the-rock-office-m-atx-sem-fonte-frontal-e-interior-preto\/","title":{"rendered":"GABINETE LIKETEC THE ROCK OFFICE (M-ATX \/ SEM FONTE \/ FRONTAL E INTERIOR PRETO)"},"content":{"rendered":"\t\t<div data-elementor-type=\"wp-post\" data-elementor-id=\"2291\" class=\"elementor elementor-2291\" data-elementor-post-type=\"product\">\n\t\t\t\t\t\t<section class=\"elementor-section elementor-top-section elementor-element elementor-element-842a606 elementor-section-boxed elementor-section-height-default elementor-section-height-default\" data-id=\"842a606\" data-element_type=\"section\">\n\t\t\t\t\t\t<div class=\"elementor-container elementor-column-gap-no\">\n\t\t\t\t\t<div class=\"elementor-column elementor-col-50 elementor-top-column elementor-element elementor-element-c88d066\" data-id=\"c88d066\" data-element_type=\"column\">\n\t\t\t<div class=\"elementor-widget-wrap elementor-element-populated\">\n\t\t\t\t\t\t<div class=\"elementor-element elementor-element-b3cd8ff elementor-widget elementor-widget-heading\" data-id=\"b3cd8ff\" data-element_type=\"widget\" data-widget_type=\"heading.default\">\n\t\t\t\t<div class=\"elementor-widget-container\">\n\t\t\t\t\t<h2 class=\"elementor-heading-title elementor-size-default\">Especifica\u00e7\u00f5es T\u00e9cnicas<\/h2>\t\t\t\t<\/div>\n\t\t\t\t<\/div>\n\t\t\t\t\t<\/div>\n\t\t<\/div>\n\t\t\t\t<div class=\"elementor-column elementor-col-50 elementor-top-column elementor-element elementor-element-3314be9\" data-id=\"3314be9\" data-element_type=\"column\">\n\t\t\t<div class=\"elementor-widget-wrap elementor-element-populated\">\n\t\t\t\t\t\t<div class=\"elementor-element elementor-element-3052669 elementor-widget elementor-widget-text-editor\" data-id=\"3052669\" data-element_type=\"widget\" data-widget_type=\"text-editor.default\">\n\t\t\t\t<div class=\"elementor-widget-container\">\n\t\t\t\t\t\t\t\t\t<div id=\"esptec\" class=\"panel-collapse collapse in\" aria-expanded=\"true\"><div class=\"panel-body\"><div class=\"tecnicas\"><p><b>Marca:<\/b><br \/>Liketec<\/p><p><b>Modelo:<\/b><br \/>THE ROCK OFFICE<\/p><p><strong>Cor<\/strong><b>:<\/b><br \/>Preto<\/p><p><strong>Fonte<\/strong><b>:<\/b><br \/>Nao<\/p><p><strong>Painel<\/strong><b>:<\/b><br \/>Plastico<\/p><p><strong>Tamanho<\/strong><b>:<\/b><br \/>Mid Tower<\/p><p><strong>Lateral<\/strong><b>:<\/b><br \/>Aco<\/p><p><strong>Placa mae<\/strong><b>:<\/b><br \/>Micro ATX e Mini ITX<\/p><p><strong>USB Frontal<\/strong><b>:<\/b><br \/>2x 3.0<\/p><p><strong>1x Baia Interna<\/strong><b>:<\/b><br \/>3.5<\/p><p><strong>2x Baia Interna<\/strong><b>:<\/b><br \/>2.5<\/p><p><strong>Slots de Expansao<\/strong><b>:<\/b><br \/>4<\/p><p><strong>Quantidade de Coolers Traseiros<\/strong><b>:<\/b><br \/>1<\/p><p><strong>Quantidade de Coolers Superiores<\/strong><b>:<\/b><br \/>0<\/p><p><strong>Quantidade de Coolers Inferiores<\/strong><b>:<\/b><br \/>1<\/p><p><strong>Quantidade de Coolers Laterais<\/strong><b>:<\/b><br \/>0<\/p><p><strong>Quantidade de Coolers Frontais<\/strong><b>:<\/b><br \/>1<\/p><p><strong>Tamanho do Cooler Traseiro<\/strong><b>:<\/b><br \/>90 mm<\/p><p><strong>Tamanho do Cooler Inferior<\/strong><b>:<\/b><br \/>120 mm<\/p><p><strong>Tamanho do Cooler Frontal<\/strong><b>:<\/b><br \/>120 mm<\/p><p><strong>HD Audio<\/strong><b>:<\/b><br \/>Sim<\/p><p><strong>Altura da CPU<\/strong><b>:<\/b><br \/>155 mm<\/p><\/div><\/div><\/div>\t\t\t\t\t\t\t\t<\/div>\n\t\t\t\t<\/div>\n\t\t\t\t\t<\/div>\n\t\t<\/div>\n\t\t\t\t\t<\/div>\n\t\t<\/section>\n\t\t\t\t<\/div>\n\t\t","protected":false},"excerpt":{"rendered":"<p>O Gabinete Liketec The Rock Office \u00e9 uma op\u00e7\u00e3o que combina design contempor\u00e2neo, funcionalidade pr\u00e1tica e uma constru\u00e7\u00e3o robusta. Ele se adapta a uma ampla gama de usos, desde montagens de alto desempenho at\u00e9 configura\u00e7\u00f5es simples de escrit\u00f3rio.<\/p>\n","protected":false},"featured_media":2300,"comment_status":"open","ping_status":"closed","template":"","meta":{"_joinchat":[]},"etheme_brands":[],"product_brand":[],"product_cat":[21],"product_tag":[],"class_list":{"0":"post-2291","1":"product","2":"type-product","3":"status-publish","4":"has-post-thumbnail","6":"product_cat-gabinete-gamer","8":"first","9":"instock","10":"sold-individually","11":"shipping-taxable","12":"product-type-simple"},"_links":{"self":[{"href":"https:\/\/blackrook.com.br\/loja\/wp-json\/wp\/v2\/product\/2291","targetHints":{"allow":["GET"]}}],"collection":[{"href":"https:\/\/blackrook.com.br\/loja\/wp-json\/wp\/v2\/product"}],"about":[{"href":"https:\/\/blackrook.com.br\/loja\/wp-json\/wp\/v2\/types\/product"}],"replies":[{"embeddable":true,"href":"https:\/\/blackrook.com.br\/loja\/wp-json\/wp\/v2\/comments?post=2291"}],"version-history":[{"count":6,"href":"https:\/\/blackrook.com.br\/loja\/wp-json\/wp\/v2\/product\/2291\/revisions"}],"predecessor-version":[{"id":2622,"href":"https:\/\/blackrook.com.br\/loja\/wp-json\/wp\/v2\/product\/2291\/revisions\/2622"}],"wp:featuredmedia":[{"embeddable":true,"href":"https:\/\/blackrook.com.br\/loja\/wp-json\/wp\/v2\/media\/2300"}],"wp:attachment":[{"href":"https:\/\/blackrook.com.br\/loja\/wp-json\/wp\/v2\/media?parent=2291"}],"wp:term":[{"taxonomy":"brand","embeddable":true,"href":"https:\/\/blackrook.com.br\/loja\/wp-json\/wp\/v2\/etheme_brands?post=2291"},{"taxonomy":"product_brand","embeddable":true,"href":"https:\/\/blackrook.com.br\/loja\/wp-json\/wp\/v2\/product_brand?post=2291"},{"taxonomy":"product_cat","embeddable":true,"href":"https:\/\/blackrook.com.br\/loja\/wp-json\/wp\/v2\/product_cat?post=2291"},{"taxonomy":"product_tag","embeddable":true,"href":"https:\/\/blackrook.com.br\/loja\/wp-json\/wp\/v2\/product_tag?post=2291"}],"curies":[{"name":"wp","href":"https:\/\/api.w.org\/{rel}","templated":true}]}}