{"id":2277,"date":"2025-01-29T13:19:44","date_gmt":"2025-01-29T16:19:44","guid":{"rendered":"https:\/\/blackrook.com.br\/?post_type=product&#038;p=2277"},"modified":"2025-03-30T12:43:22","modified_gmt":"2025-03-30T15:43:22","slug":"gabinete-liketec-gamer-zeus-pro-glass-snow-sem-fan-cubo-design-atx-frontaltetovidro","status":"publish","type":"product","link":"https:\/\/blackrook.com.br\/loja\/produto\/gabinete-liketec-gamer-zeus-pro-glass-snow-sem-fan-cubo-design-atx-frontaltetovidro\/","title":{"rendered":"GABINETE LIKETEC GAMER ZEUS PRO GLASS SNOW (SEM FAN \/ CUBO DESIGN \/ ATX \/ FRONTALTETOVIDRO)"},"content":{"rendered":"\t\t<div data-elementor-type=\"wp-post\" data-elementor-id=\"2277\" class=\"elementor elementor-2277\" data-elementor-post-type=\"product\">\n\t\t\t\t\t\t<section class=\"elementor-section elementor-top-section elementor-element elementor-element-842a606 elementor-section-boxed elementor-section-height-default elementor-section-height-default\" data-id=\"842a606\" data-element_type=\"section\">\n\t\t\t\t\t\t<div class=\"elementor-container elementor-column-gap-no\">\n\t\t\t\t\t<div class=\"elementor-column elementor-col-50 elementor-top-column elementor-element elementor-element-c88d066\" data-id=\"c88d066\" data-element_type=\"column\">\n\t\t\t<div class=\"elementor-widget-wrap elementor-element-populated\">\n\t\t\t\t\t\t<div class=\"elementor-element elementor-element-b3cd8ff elementor-widget elementor-widget-heading\" data-id=\"b3cd8ff\" data-element_type=\"widget\" data-widget_type=\"heading.default\">\n\t\t\t\t<div class=\"elementor-widget-container\">\n\t\t\t\t\t<h2 class=\"elementor-heading-title elementor-size-default\">Especifica\u00e7\u00f5es T\u00e9cnicas<\/h2>\t\t\t\t<\/div>\n\t\t\t\t<\/div>\n\t\t\t\t\t<\/div>\n\t\t<\/div>\n\t\t\t\t<div class=\"elementor-column elementor-col-50 elementor-top-column elementor-element elementor-element-3314be9\" data-id=\"3314be9\" data-element_type=\"column\">\n\t\t\t<div class=\"elementor-widget-wrap elementor-element-populated\">\n\t\t\t\t\t\t<div class=\"elementor-element elementor-element-40c9218 elementor-widget elementor-widget-text-editor\" data-id=\"40c9218\" data-element_type=\"widget\" data-widget_type=\"text-editor.default\">\n\t\t\t\t<div class=\"elementor-widget-container\">\n\t\t\t\t\t\t\t\t\t<div id=\"esptec\" class=\"panel-collapse collapse in\" aria-expanded=\"true\"><div class=\"panel-body\"><div class=\"tecnicas\"><p><strong>Marca:<\/strong><br \/>Liketec<\/p><p><strong>Modelo:<\/strong><br \/>Liketec Zeus Pro Glass Snow<\/p><p><strong>Estrutura:<\/strong><br \/>315(L) x 210(P) x 386(A)mm<\/p><p><strong>Tamanho do Gabinete:<\/strong><br \/>318(L) x 210(P) x 401(A)mm<\/p><p><strong>Tamanho da Embalagem:<\/strong><br \/>455(L) x 270(P) x 380(A)mm<\/p><p><strong>Espessura:<\/strong><br \/>0.6mm com revestimento preto<\/p><p><strong>Suporte para Fonte:<\/strong><br \/>ATX na parte inferior<\/p><p><strong>Suporte para Placa-M\u00e3e:<\/strong><br \/>ATX\/Micro ATX\/Mini-ITX<\/p><p><strong>Suporte para Drives:<\/strong><br \/>1x SSD<br \/>1x HDD<\/p><p><strong>Painel Frontal:<\/strong><br \/>Vidro temperado<\/p><p><strong>Portas:<\/strong><br \/>1x USB 3.0<br \/>1x USB 1.0<br \/>\u00c1udio HD<\/p><p><strong>Painel Lateral Esquerdo:<\/strong><br \/>Vidro temperado com borda preta e 4 parafusos<\/p><p><strong>Painel Lateral Direito:<\/strong><br \/>Met\u00e1lico<\/p><p><strong>Altura M\u00e1xima do CPU:<\/strong><br \/>165mm<\/p><p><strong>Slots PCI:<\/strong><br \/>4<\/p><\/div><\/div><\/div>\t\t\t\t\t\t\t\t<\/div>\n\t\t\t\t<\/div>\n\t\t\t\t\t<\/div>\n\t\t<\/div>\n\t\t\t\t\t<\/div>\n\t\t<\/section>\n\t\t\t\t<\/div>\n\t\t","protected":false},"excerpt":{"rendered":"<p>O Gabinete Gamer Liketec Zeus Pro Snow \u00e9 uma excelente escolha para quem busca um case estiloso e funcional para montar um PC gamer. Esse modelo Mid Tower \u00e9 compat\u00edvel com placas-m\u00e3e no formato ATX, oferecendo um bom espa\u00e7o interno para organizar os componentes.<\/p>\n<p>Com seu design na cor branca e pain\u00e9is laterais em vidro temperado, o Zeus Pro Snow combina eleg\u00e2ncia e robustez, permitindo que os usu\u00e1rios exibam o interior do seu PC e a ilumina\u00e7\u00e3o RGB dos componentes.<\/p>\n","protected":false},"featured_media":2285,"comment_status":"open","ping_status":"closed","template":"","meta":{"_joinchat":[]},"etheme_brands":[],"product_brand":[],"product_cat":[21],"product_tag":[],"class_list":{"0":"post-2277","1":"product","2":"type-product","3":"status-publish","4":"has-post-thumbnail","6":"product_cat-gabinete-gamer","8":"first","9":"instock","10":"sold-individually","11":"shipping-taxable","12":"product-type-simple"},"_links":{"self":[{"href":"https:\/\/blackrook.com.br\/loja\/wp-json\/wp\/v2\/product\/2277","targetHints":{"allow":["GET"]}}],"collection":[{"href":"https:\/\/blackrook.com.br\/loja\/wp-json\/wp\/v2\/product"}],"about":[{"href":"https:\/\/blackrook.com.br\/loja\/wp-json\/wp\/v2\/types\/product"}],"replies":[{"embeddable":true,"href":"https:\/\/blackrook.com.br\/loja\/wp-json\/wp\/v2\/comments?post=2277"}],"version-history":[{"count":6,"href":"https:\/\/blackrook.com.br\/loja\/wp-json\/wp\/v2\/product\/2277\/revisions"}],"predecessor-version":[{"id":2617,"href":"https:\/\/blackrook.com.br\/loja\/wp-json\/wp\/v2\/product\/2277\/revisions\/2617"}],"wp:featuredmedia":[{"embeddable":true,"href":"https:\/\/blackrook.com.br\/loja\/wp-json\/wp\/v2\/media\/2285"}],"wp:attachment":[{"href":"https:\/\/blackrook.com.br\/loja\/wp-json\/wp\/v2\/media?parent=2277"}],"wp:term":[{"taxonomy":"brand","embeddable":true,"href":"https:\/\/blackrook.com.br\/loja\/wp-json\/wp\/v2\/etheme_brands?post=2277"},{"taxonomy":"product_brand","embeddable":true,"href":"https:\/\/blackrook.com.br\/loja\/wp-json\/wp\/v2\/product_brand?post=2277"},{"taxonomy":"product_cat","embeddable":true,"href":"https:\/\/blackrook.com.br\/loja\/wp-json\/wp\/v2\/product_cat?post=2277"},{"taxonomy":"product_tag","embeddable":true,"href":"https:\/\/blackrook.com.br\/loja\/wp-json\/wp\/v2\/product_tag?post=2277"}],"curies":[{"name":"wp","href":"https:\/\/api.w.org\/{rel}","templated":true}]}}