{"id":2264,"date":"2025-01-29T13:14:16","date_gmt":"2025-01-29T16:14:16","guid":{"rendered":"https:\/\/blackrook.com.br\/?post_type=product&#038;p=2264"},"modified":"2025-03-30T12:41:19","modified_gmt":"2025-03-30T15:41:19","slug":"gabinete-liketec-gamer-mahal-snow-sem-fan-cubo-design-matx-lateral-frontal-teto-vidro-psu-cover-2","status":"publish","type":"product","link":"https:\/\/blackrook.com.br\/loja\/produto\/gabinete-liketec-gamer-mahal-snow-sem-fan-cubo-design-matx-lateral-frontal-teto-vidro-psu-cover-2\/","title":{"rendered":"GABINETE LIKETEC GAMER MAHAL SNOW (SEM FAN \/ CUBO DESIGN \/ MATX \/LATERAL FRONTAL TETO VIDRO \/ PSU COVER)"},"content":{"rendered":"\t\t<div data-elementor-type=\"wp-post\" data-elementor-id=\"2264\" class=\"elementor elementor-2264\" data-elementor-post-type=\"product\">\n\t\t\t\t\t\t<section class=\"elementor-section elementor-top-section elementor-element elementor-element-842a606 elementor-section-boxed elementor-section-height-default elementor-section-height-default\" data-id=\"842a606\" data-element_type=\"section\">\n\t\t\t\t\t\t<div class=\"elementor-container elementor-column-gap-no\">\n\t\t\t\t\t<div class=\"elementor-column elementor-col-50 elementor-top-column elementor-element elementor-element-c88d066\" data-id=\"c88d066\" data-element_type=\"column\">\n\t\t\t<div class=\"elementor-widget-wrap elementor-element-populated\">\n\t\t\t\t\t\t<div class=\"elementor-element elementor-element-b3cd8ff elementor-widget elementor-widget-heading\" data-id=\"b3cd8ff\" data-element_type=\"widget\" data-widget_type=\"heading.default\">\n\t\t\t\t<div class=\"elementor-widget-container\">\n\t\t\t\t\t<h2 class=\"elementor-heading-title elementor-size-default\">Especifica\u00e7\u00f5es T\u00e9cnicas<\/h2>\t\t\t\t<\/div>\n\t\t\t\t<\/div>\n\t\t\t\t\t<\/div>\n\t\t<\/div>\n\t\t\t\t<div class=\"elementor-column elementor-col-50 elementor-top-column elementor-element elementor-element-3314be9\" data-id=\"3314be9\" data-element_type=\"column\">\n\t\t\t<div class=\"elementor-widget-wrap elementor-element-populated\">\n\t\t\t\t\t\t<div class=\"elementor-element elementor-element-7fe33f3 elementor-widget elementor-widget-text-editor\" data-id=\"7fe33f3\" data-element_type=\"widget\" data-widget_type=\"text-editor.default\">\n\t\t\t\t<div class=\"elementor-widget-container\">\n\t\t\t\t\t\t\t\t\t<div id=\"esptec\" class=\"panel-collapse collapse in\" aria-expanded=\"true\"><div class=\"panel-body\"><div class=\"tecnicas\"><p><b>Marca:<\/b><br \/>Liketec<\/p><p><b>Modelo:<\/b><br \/>MAHAL SNOW<\/p><p><strong>Materiais<\/strong>:<br \/>A\u00e7o, Vidro Temperado<\/p><p><strong>SPCC:<\/strong><br \/>Espessura de 0,5 mm<\/p><p><strong>Suporte para Placa-M\u00e3e:<\/strong><br \/>mATX \/ ITX<\/p><p><strong>Pain\u00e9is Frontal, Lateral e Superior:<\/strong><br \/>Vidro x3<\/p><p><strong>Painel Lateral Direito:<\/strong><br \/>Metal<\/p><p><strong>Filtro de Poeira Magn\u00e9tico<\/strong>:<br \/>Inferior<\/p><p><strong>Portas I\/O:<\/strong><br \/>USB 3.0 x 1<br \/>USB 1.1 x 2<br \/>\u00c1udio HD<\/p><p><strong>Suporte para Ventiladores:<\/strong><br \/>Bandeja da placa-m\u00e3e: 2 x 120 mm<br \/>Traseiro: 1 x 120 mm<br \/>Inferior: 3\u00a0x 120 mm<\/p><p><strong>Suporte para Water Cooler:<\/strong><br \/>Bandeja da placa-m\u00e3e: 240 mm<\/p><p><strong>Suporte para Baias de Unidade:<\/strong><br \/>HDD x 1<br \/>SSD x 1 ou SSD x 2<\/p><p><strong>Slots de Expans\u00e3o PCI:<\/strong><br \/>x 5<\/p><p><strong>Comprimento M\u00e1ximo da VGA:<\/strong><br \/>400 mm (instalar 240 mm WC, m\u00e1ximo 280 mm)<\/p><p><strong>Altura M\u00e1xima da CPU:<\/strong><br \/>155 mm<\/p><p><strong>Comprimento M\u00e1ximo da PSU:<\/strong><br \/>200 mm<\/p><p><strong>Tamanho do Gabinete:<\/strong><br \/>425 (C) x 188 (L) x 433 (A) mm<\/p><\/div><\/div><\/div>\t\t\t\t\t\t\t\t<\/div>\n\t\t\t\t<\/div>\n\t\t\t\t\t<\/div>\n\t\t<\/div>\n\t\t\t\t\t<\/div>\n\t\t<\/section>\n\t\t\t\t<\/div>\n\t\t","protected":false},"excerpt":{"rendered":"<p>Descubra o poder de transformar seu espa\u00e7o com a eleg\u00e2ncia e a tecnologia de ponta que s\u00f3 a Sky Tower Series pode oferecer. Adquira agora o seu MAHAL e leve seu setup para o pr\u00f3ximo n\u00edvel!<\/p>\n","protected":false},"featured_media":2275,"comment_status":"open","ping_status":"closed","template":"","meta":{"_joinchat":[]},"etheme_brands":[],"product_brand":[],"product_cat":[21],"product_tag":[],"class_list":{"0":"post-2264","1":"product","2":"type-product","3":"status-publish","4":"has-post-thumbnail","6":"product_cat-gabinete-gamer","8":"first","9":"instock","10":"sold-individually","11":"shipping-taxable","12":"product-type-simple"},"_links":{"self":[{"href":"https:\/\/blackrook.com.br\/loja\/wp-json\/wp\/v2\/product\/2264","targetHints":{"allow":["GET"]}}],"collection":[{"href":"https:\/\/blackrook.com.br\/loja\/wp-json\/wp\/v2\/product"}],"about":[{"href":"https:\/\/blackrook.com.br\/loja\/wp-json\/wp\/v2\/types\/product"}],"replies":[{"embeddable":true,"href":"https:\/\/blackrook.com.br\/loja\/wp-json\/wp\/v2\/comments?post=2264"}],"version-history":[{"count":6,"href":"https:\/\/blackrook.com.br\/loja\/wp-json\/wp\/v2\/product\/2264\/revisions"}],"predecessor-version":[{"id":2612,"href":"https:\/\/blackrook.com.br\/loja\/wp-json\/wp\/v2\/product\/2264\/revisions\/2612"}],"wp:featuredmedia":[{"embeddable":true,"href":"https:\/\/blackrook.com.br\/loja\/wp-json\/wp\/v2\/media\/2275"}],"wp:attachment":[{"href":"https:\/\/blackrook.com.br\/loja\/wp-json\/wp\/v2\/media?parent=2264"}],"wp:term":[{"taxonomy":"brand","embeddable":true,"href":"https:\/\/blackrook.com.br\/loja\/wp-json\/wp\/v2\/etheme_brands?post=2264"},{"taxonomy":"product_brand","embeddable":true,"href":"https:\/\/blackrook.com.br\/loja\/wp-json\/wp\/v2\/product_brand?post=2264"},{"taxonomy":"product_cat","embeddable":true,"href":"https:\/\/blackrook.com.br\/loja\/wp-json\/wp\/v2\/product_cat?post=2264"},{"taxonomy":"product_tag","embeddable":true,"href":"https:\/\/blackrook.com.br\/loja\/wp-json\/wp\/v2\/product_tag?post=2264"}],"curies":[{"name":"wp","href":"https:\/\/api.w.org\/{rel}","templated":true}]}}