{"id":2239,"date":"2025-01-24T10:24:31","date_gmt":"2025-01-24T13:24:31","guid":{"rendered":"https:\/\/blackrook.com.br\/?post_type=product&#038;p=2239"},"modified":"2025-03-30T12:37:30","modified_gmt":"2025-03-30T15:37:30","slug":"gabinete-liketec-gamer-empire-snow-sem-fan-cubo-design-atx-frontal-laterla-teto-em-vidro-psu-cover","status":"publish","type":"product","link":"https:\/\/blackrook.com.br\/loja\/produto\/gabinete-liketec-gamer-empire-snow-sem-fan-cubo-design-atx-frontal-laterla-teto-em-vidro-psu-cover\/","title":{"rendered":"GABINETE LIKETEC GAMER EMPIRE SNOW (SEM FAN \/ CUBO DESIGN \/ ATX \/FRONTAL LATERLA TETO EM VIDRO \/ PSU COVER)"},"content":{"rendered":"\t\t<div data-elementor-type=\"wp-post\" data-elementor-id=\"2239\" class=\"elementor elementor-2239\" data-elementor-post-type=\"product\">\n\t\t\t\t\t\t<section class=\"elementor-section elementor-top-section elementor-element elementor-element-842a606 elementor-section-boxed elementor-section-height-default elementor-section-height-default\" data-id=\"842a606\" data-element_type=\"section\">\n\t\t\t\t\t\t<div class=\"elementor-container elementor-column-gap-no\">\n\t\t\t\t\t<div class=\"elementor-column elementor-col-50 elementor-top-column elementor-element elementor-element-c88d066\" data-id=\"c88d066\" data-element_type=\"column\">\n\t\t\t<div class=\"elementor-widget-wrap elementor-element-populated\">\n\t\t\t\t\t\t<div class=\"elementor-element elementor-element-b3cd8ff elementor-widget elementor-widget-heading\" data-id=\"b3cd8ff\" data-element_type=\"widget\" data-widget_type=\"heading.default\">\n\t\t\t\t<div class=\"elementor-widget-container\">\n\t\t\t\t\t<h2 class=\"elementor-heading-title elementor-size-default\">Especifica\u00e7\u00f5es T\u00e9cnicas<\/h2>\t\t\t\t<\/div>\n\t\t\t\t<\/div>\n\t\t\t\t\t<\/div>\n\t\t<\/div>\n\t\t\t\t<div class=\"elementor-column elementor-col-50 elementor-top-column elementor-element elementor-element-3314be9\" data-id=\"3314be9\" data-element_type=\"column\">\n\t\t\t<div class=\"elementor-widget-wrap elementor-element-populated\">\n\t\t\t\t\t\t<div class=\"elementor-element elementor-element-f964ddf elementor-widget elementor-widget-text-editor\" data-id=\"f964ddf\" data-element_type=\"widget\" data-widget_type=\"text-editor.default\">\n\t\t\t\t<div class=\"elementor-widget-container\">\n\t\t\t\t\t\t\t\t\t<div class=\"elementor-column elementor-col-50 elementor-top-column elementor-element elementor-element-3314be9\" data-id=\"3314be9\" data-element_type=\"column\"><div class=\"elementor-widget-wrap elementor-element-populated\"><div class=\"elementor-element elementor-element-dfe37a9 elementor-widget elementor-widget-text-editor\" data-id=\"dfe37a9\" data-element_type=\"widget\" data-widget_type=\"text-editor.default\"><div class=\"elementor-widget-container\"><div id=\"esptec\" class=\"panel-collapse collapse in\" aria-expanded=\"true\"><div class=\"panel-body\"><div class=\"tecnicas\"><p><b>Marca:<\/b><br \/>Liketec<\/p><p><strong>Modelo:<\/strong><br \/>EMPIRE DARK\u00a0\u2013 2091<\/p><p><strong>Material:<\/strong><br \/>A\u00e7o 0.6mm SPCC<\/p><p><strong>Painel I\/O:<\/strong><br \/>USB 3.0 x 1<br \/>USB 1.0 x 2<br \/>HD Audio<br \/>Bot\u00f5es: Reset e Power<\/p><p><strong>Pain\u00e9is:<\/strong><br \/>Frontal, Lateral (Esquerda) e Superior: Vidro temperado (TG x 3)<br \/>Lateral Direita: Metal com mesh<\/p><p><strong>Compatibilidade de Placa-M\u00e3e:<\/strong><br \/>ATX \/ M-ATX \/ IT<\/p><p><strong>Fonte de Alimenta\u00e7\u00e3o:<\/strong><br \/>Montagem inferior ATX (180mm, suporta conector traseiro da placa-m\u00e3e)<\/p><p><strong>Suporte de Ventila\u00e7\u00e3o:<\/strong><br \/>3 x 120mm na bandeja da placa-m\u00e3e<br \/>1 x 120mm na parte traseira<br \/>3 x 120mm na parte inferior<\/p><p><strong>Suporte para Watercooling:<\/strong><br \/>360mm na bandeja da placa-m\u00e3e<\/p><p><strong>Compatibilidade de Drives:<\/strong><br \/>HDD x 1 + SSD x 1 ou SSD x 2<\/p><p><strong>Slots de Expans\u00e3o PCI:<\/strong><br \/>7 slots (suporte para montagem vertical a 90 graus)<\/p><p><strong>Dimens\u00f5es M\u00e1ximas:<\/strong><br \/>Comprimento m\u00e1ximo da VGA: 415mm<br \/>Altura m\u00e1xima do cooler da CPU: 180mm<\/p><p><strong>Gerenciamento de Cabos:<\/strong><br \/>Espa\u00e7o de 24mm<\/p><p><strong>Filtros de Poeira:<\/strong><br \/>Inferior<\/p><p><strong>Dimens\u00f5es:<\/strong><br \/>Chassi: 440(L) x 232(W) x 480(H) mm<br \/>Gabinete Completo: 440(L) x 232(W) x 505(H) mm<\/p><\/div><\/div><\/div><\/div><\/div><\/div><\/div>\t\t\t\t\t\t\t\t<\/div>\n\t\t\t\t<\/div>\n\t\t\t\t\t<\/div>\n\t\t<\/div>\n\t\t\t\t\t<\/div>\n\t\t<\/section>\n\t\t\t\t<\/div>\n\t\t","protected":false},"excerpt":{"rendered":"<p>This Bluetooth speaker delivers big sound, making it then only music system you\u2019ll need in or out of the house. Prem materials such as anodized aluminum &amp; durable polymers withstand the rigor of an active lifestyle.<\/p>\n","protected":false},"featured_media":2247,"comment_status":"open","ping_status":"closed","template":"","meta":{"_joinchat":[]},"etheme_brands":[],"product_brand":[],"product_cat":[21],"product_tag":[],"class_list":{"0":"post-2239","1":"product","2":"type-product","3":"status-publish","4":"has-post-thumbnail","6":"product_cat-gabinete-gamer","8":"first","9":"instock","10":"sold-individually","11":"shipping-taxable","12":"product-type-simple"},"_links":{"self":[{"href":"https:\/\/blackrook.com.br\/loja\/wp-json\/wp\/v2\/product\/2239","targetHints":{"allow":["GET"]}}],"collection":[{"href":"https:\/\/blackrook.com.br\/loja\/wp-json\/wp\/v2\/product"}],"about":[{"href":"https:\/\/blackrook.com.br\/loja\/wp-json\/wp\/v2\/types\/product"}],"replies":[{"embeddable":true,"href":"https:\/\/blackrook.com.br\/loja\/wp-json\/wp\/v2\/comments?post=2239"}],"version-history":[{"count":6,"href":"https:\/\/blackrook.com.br\/loja\/wp-json\/wp\/v2\/product\/2239\/revisions"}],"predecessor-version":[{"id":2600,"href":"https:\/\/blackrook.com.br\/loja\/wp-json\/wp\/v2\/product\/2239\/revisions\/2600"}],"wp:featuredmedia":[{"embeddable":true,"href":"https:\/\/blackrook.com.br\/loja\/wp-json\/wp\/v2\/media\/2247"}],"wp:attachment":[{"href":"https:\/\/blackrook.com.br\/loja\/wp-json\/wp\/v2\/media?parent=2239"}],"wp:term":[{"taxonomy":"brand","embeddable":true,"href":"https:\/\/blackrook.com.br\/loja\/wp-json\/wp\/v2\/etheme_brands?post=2239"},{"taxonomy":"product_brand","embeddable":true,"href":"https:\/\/blackrook.com.br\/loja\/wp-json\/wp\/v2\/product_brand?post=2239"},{"taxonomy":"product_cat","embeddable":true,"href":"https:\/\/blackrook.com.br\/loja\/wp-json\/wp\/v2\/product_cat?post=2239"},{"taxonomy":"product_tag","embeddable":true,"href":"https:\/\/blackrook.com.br\/loja\/wp-json\/wp\/v2\/product_tag?post=2239"}],"curies":[{"name":"wp","href":"https:\/\/api.w.org\/{rel}","templated":true}]}}