{"id":2216,"date":"2025-01-23T14:51:45","date_gmt":"2025-01-23T17:51:45","guid":{"rendered":"https:\/\/blackrook.com.br\/?post_type=product&#038;p=2216"},"modified":"2025-03-30T10:46:40","modified_gmt":"2025-03-30T13:46:40","slug":"gabinete-liketec-gamer-kingdom-dark-sem-fan-cubo-design-atx-frontal-laterla-teto-em-vidro-psu-cover","status":"publish","type":"product","link":"https:\/\/blackrook.com.br\/loja\/produto\/gabinete-liketec-gamer-kingdom-dark-sem-fan-cubo-design-atx-frontal-laterla-teto-em-vidro-psu-cover\/","title":{"rendered":"GABINETE LIKETEC GAMER KINGDOM DARK (SEM FAN \/ CUBO DESIGN \/ ATX \/FRONTAL LATERLA TETO EM VIDRO \/ PSU COVER)"},"content":{"rendered":"\t\t<div data-elementor-type=\"wp-post\" data-elementor-id=\"2216\" class=\"elementor elementor-2216\" data-elementor-post-type=\"product\">\n\t\t\t\t\t\t<section class=\"elementor-section elementor-top-section elementor-element elementor-element-842a606 elementor-section-boxed elementor-section-height-default elementor-section-height-default\" data-id=\"842a606\" data-element_type=\"section\">\n\t\t\t\t\t\t<div class=\"elementor-container elementor-column-gap-no\">\n\t\t\t\t\t<div class=\"elementor-column elementor-col-50 elementor-top-column elementor-element elementor-element-c88d066\" data-id=\"c88d066\" data-element_type=\"column\">\n\t\t\t<div class=\"elementor-widget-wrap elementor-element-populated\">\n\t\t\t\t\t\t<div class=\"elementor-element elementor-element-b3cd8ff elementor-widget elementor-widget-heading\" data-id=\"b3cd8ff\" data-element_type=\"widget\" data-widget_type=\"heading.default\">\n\t\t\t\t<div class=\"elementor-widget-container\">\n\t\t\t\t\t<h2 class=\"elementor-heading-title elementor-size-default\">Especifica\u00e7\u00f5es T\u00e9cnicas<\/h2>\t\t\t\t<\/div>\n\t\t\t\t<\/div>\n\t\t\t\t\t<\/div>\n\t\t<\/div>\n\t\t\t\t<div class=\"elementor-column elementor-col-50 elementor-top-column elementor-element elementor-element-3314be9\" data-id=\"3314be9\" data-element_type=\"column\">\n\t\t\t<div class=\"elementor-widget-wrap elementor-element-populated\">\n\t\t\t\t\t\t<div class=\"elementor-element elementor-element-cbb7fa0 elementor-widget elementor-widget-text-editor\" data-id=\"cbb7fa0\" data-element_type=\"widget\" data-widget_type=\"text-editor.default\">\n\t\t\t\t<div class=\"elementor-widget-container\">\n\t\t\t\t\t\t\t\t\t<div id=\"esptec\" class=\"panel-collapse collapse in\" aria-expanded=\"true\"><div class=\"panel-body\"><div class=\"tecnicas\"><p><b>Marca:<\/b><br \/>Liketec<\/p><p><b>Modelo:<\/b><br \/>KINGDOM DARK<\/p><p><strong>Materiais<\/strong>:<br \/>A\u00e7o, Vidro Temperado<\/p><p><strong>SPCC:<\/strong><br \/>Espessura de 0,5 mm<\/p><p><strong>Suporte para Placa-M\u00e3e:<\/strong><br \/>ATX \/ mATX \/ ITX<\/p><p><strong>Pain\u00e9is Frontal, Lateral e Superior:<\/strong><br \/>Vidro x<\/p><p><strong>Painel Lateral Direito:<\/strong><br \/>Metal<\/p><p><strong>Filtro de Poeira Magn\u00e9tico<\/strong>:<br \/>Inferior<\/p><p><strong>Portas I\/O:<\/strong><br \/>USB 3.0 x 1<br \/>USB 1.1 x 2<br \/>\u00c1udio HD<\/p><p><strong>Suporte para Ventiladores:<\/strong><br \/>Traseiro: 1 x 120 mm<br \/>Inferior: 2 x 120 mm<\/p><p><strong>Suporte para Baias de Unidade:<\/strong><br \/>HDD de 3,5&#8243; x 2<br \/>SSD de 2,5&#8243; x 1<\/p><p><strong>Slots de Expans\u00e3o PCI:<\/strong><br \/>x 7<\/p><p><strong>Comprimento M\u00e1ximo da VGA:<\/strong><br \/>280 mm<\/p><p><strong>Altura M\u00e1xima da CPU:<\/strong><br \/>155 mm<\/p><p><strong>Comprimento M\u00e1ximo da PSU:<\/strong><br \/>180 mm<\/p><p><strong>Tamanho do Gabinete:<\/strong><br \/>315 (C) x 188 (L) x 433 (A) mm<\/p><\/div><\/div><\/div>\t\t\t\t\t\t\t\t<\/div>\n\t\t\t\t<\/div>\n\t\t\t\t\t<\/div>\n\t\t<\/div>\n\t\t\t\t\t<\/div>\n\t\t<\/section>\n\t\t\t\t<\/div>\n\t\t","protected":false},"excerpt":{"rendered":"<p>This Bluetooth speaker delivers big sound, making it then only music system you\u2019ll need in or out of the house. Prem materials such as anodized aluminum &amp; durable polymers withstand the rigor of an active lifestyle.<\/p>\n","protected":false},"featured_media":2225,"comment_status":"open","ping_status":"closed","template":"","meta":{"_joinchat":[]},"etheme_brands":[],"product_brand":[],"product_cat":[21],"product_tag":[],"class_list":{"0":"post-2216","1":"product","2":"type-product","3":"status-publish","4":"has-post-thumbnail","6":"product_cat-gabinete-gamer","8":"first","9":"instock","10":"sold-individually","11":"shipping-taxable","12":"product-type-simple"},"_links":{"self":[{"href":"https:\/\/blackrook.com.br\/loja\/wp-json\/wp\/v2\/product\/2216","targetHints":{"allow":["GET"]}}],"collection":[{"href":"https:\/\/blackrook.com.br\/loja\/wp-json\/wp\/v2\/product"}],"about":[{"href":"https:\/\/blackrook.com.br\/loja\/wp-json\/wp\/v2\/types\/product"}],"replies":[{"embeddable":true,"href":"https:\/\/blackrook.com.br\/loja\/wp-json\/wp\/v2\/comments?post=2216"}],"version-history":[{"count":5,"href":"https:\/\/blackrook.com.br\/loja\/wp-json\/wp\/v2\/product\/2216\/revisions"}],"predecessor-version":[{"id":2587,"href":"https:\/\/blackrook.com.br\/loja\/wp-json\/wp\/v2\/product\/2216\/revisions\/2587"}],"wp:featuredmedia":[{"embeddable":true,"href":"https:\/\/blackrook.com.br\/loja\/wp-json\/wp\/v2\/media\/2225"}],"wp:attachment":[{"href":"https:\/\/blackrook.com.br\/loja\/wp-json\/wp\/v2\/media?parent=2216"}],"wp:term":[{"taxonomy":"brand","embeddable":true,"href":"https:\/\/blackrook.com.br\/loja\/wp-json\/wp\/v2\/etheme_brands?post=2216"},{"taxonomy":"product_brand","embeddable":true,"href":"https:\/\/blackrook.com.br\/loja\/wp-json\/wp\/v2\/product_brand?post=2216"},{"taxonomy":"product_cat","embeddable":true,"href":"https:\/\/blackrook.com.br\/loja\/wp-json\/wp\/v2\/product_cat?post=2216"},{"taxonomy":"product_tag","embeddable":true,"href":"https:\/\/blackrook.com.br\/loja\/wp-json\/wp\/v2\/product_tag?post=2216"}],"curies":[{"name":"wp","href":"https:\/\/api.w.org\/{rel}","templated":true}]}}