{"id":2162,"date":"2025-01-23T14:27:55","date_gmt":"2025-01-23T17:27:55","guid":{"rendered":"https:\/\/blackrook.com.br\/?post_type=product&#038;p=2162"},"modified":"2025-03-30T10:35:27","modified_gmt":"2025-03-30T13:35:27","slug":"fonte-liketec-steel-diamond-500w-80-plus-bronze-capacitores-japoneses-fan120mm","status":"publish","type":"product","link":"https:\/\/blackrook.com.br\/loja\/produto\/fonte-liketec-steel-diamond-500w-80-plus-bronze-capacitores-japoneses-fan120mm\/","title":{"rendered":"GABINETE LIKETEC GAMER HEYDAR DARK (SEM FAN \/ SKY TOWER SERIES \/ ATX \/FRONTAL VIDRO)"},"content":{"rendered":"\t\t<div data-elementor-type=\"wp-post\" data-elementor-id=\"2162\" class=\"elementor elementor-2162\" data-elementor-post-type=\"product\">\n\t\t\t\t\t\t<section class=\"elementor-section elementor-top-section elementor-element elementor-element-842a606 elementor-section-boxed elementor-section-height-default elementor-section-height-default\" data-id=\"842a606\" data-element_type=\"section\">\n\t\t\t\t\t\t<div class=\"elementor-container elementor-column-gap-no\">\n\t\t\t\t\t<div class=\"elementor-column elementor-col-50 elementor-top-column elementor-element elementor-element-c88d066\" data-id=\"c88d066\" data-element_type=\"column\">\n\t\t\t<div class=\"elementor-widget-wrap elementor-element-populated\">\n\t\t\t\t\t\t<div class=\"elementor-element elementor-element-b3cd8ff elementor-widget elementor-widget-heading\" data-id=\"b3cd8ff\" data-element_type=\"widget\" data-widget_type=\"heading.default\">\n\t\t\t\t<div class=\"elementor-widget-container\">\n\t\t\t\t\t<h2 class=\"elementor-heading-title elementor-size-default\">  Especifica\u00e7\u00f5es T\u00e9cnicas<\/h2>\t\t\t\t<\/div>\n\t\t\t\t<\/div>\n\t\t\t\t\t<\/div>\n\t\t<\/div>\n\t\t\t\t<div class=\"elementor-column elementor-col-50 elementor-top-column elementor-element elementor-element-3314be9\" data-id=\"3314be9\" data-element_type=\"column\">\n\t\t\t<div class=\"elementor-widget-wrap elementor-element-populated\">\n\t\t\t\t\t\t<div class=\"elementor-element elementor-element-5e28dd6 elementor-widget elementor-widget-text-editor\" data-id=\"5e28dd6\" data-element_type=\"widget\" data-widget_type=\"text-editor.default\">\n\t\t\t\t<div class=\"elementor-widget-container\">\n\t\t\t\t\t\t\t\t\t<p><strong>Marca:<\/strong><br \/>Liketec<\/p><p><strong>Modelo:<\/strong><br \/>LC-CB-HEYDAR-2084<\/p><p><strong>Cor:<\/strong><br \/>Preto<\/p><p><strong>Compatibilidade de Placas-M\u00e3e:<\/strong> <br \/>ATX, Micro ATX, Mini-ITX<\/p><p><strong>Suporte de Armazenamento:<\/strong> <br \/>1 x\u00a0SSD\u00a0<br \/>2 x HDD<br \/>Sem ODD<\/p><p><strong>Portas USB:<\/strong><br \/>2 x USB 2.0<br \/>1 x USB 3,2<br \/>2 x\u00a0\u00c1udio\u00a0<\/p><p><strong>Painel Frontal:<\/strong> <br \/>Vidro temperado<\/p><p><strong>Painel Lateral Esquerdo:<\/strong> <br \/>Vidro temperado com\u00a04 parafusos<\/p><p><strong>Painel Lateral Direito:<\/strong> <br \/>Met\u00e1lico<\/p><p><strong>Tamanho m\u00e1ximo de GPU:<\/strong><br \/>305mm<\/p><p><strong>Altura M\u00e1xima do Cooler da CPU:<\/strong> <br \/>155mm<\/p><p><strong>Suporte watercooler:<\/strong><br \/>At\u00e9 240mm<\/p><p><strong>Slots PCI:<\/strong> 7<\/p><p><strong>Suporte para Fonte ATX:<\/strong><br \/>Posicionada na parte inferior<\/p><p><strong>Tamanho do Gabinete:<\/strong> <br \/>335*193*445mm (CLA)<\/p>\t\t\t\t\t\t\t\t<\/div>\n\t\t\t\t<\/div>\n\t\t\t\t\t<\/div>\n\t\t<\/div>\n\t\t\t\t\t<\/div>\n\t\t<\/section>\n\t\t\t\t<\/div>\n\t\t","protected":false},"excerpt":{"rendered":"<p>O Liketec Heydar Dark \u00e9 uma escolha recomendada para quem busca um gabinete gamer com um design diferenciado, excelente visibilidade dos componentes e que oferece espa\u00e7o suficiente para uma configura\u00e7\u00e3o robusta de hardware. Ideal para quem valoriza tanto o aspecto est\u00e9tico quanto a funcionalidade em seu setup gamer.<\/p>\n","protected":false},"featured_media":2177,"comment_status":"open","ping_status":"closed","template":"","meta":{"_joinchat":[]},"etheme_brands":[],"product_brand":[],"product_cat":[21],"product_tag":[],"class_list":{"0":"post-2162","1":"product","2":"type-product","3":"status-publish","4":"has-post-thumbnail","6":"product_cat-gabinete-gamer","8":"first","9":"instock","10":"shipping-taxable","11":"product-type-simple"},"_links":{"self":[{"href":"https:\/\/blackrook.com.br\/loja\/wp-json\/wp\/v2\/product\/2162","targetHints":{"allow":["GET"]}}],"collection":[{"href":"https:\/\/blackrook.com.br\/loja\/wp-json\/wp\/v2\/product"}],"about":[{"href":"https:\/\/blackrook.com.br\/loja\/wp-json\/wp\/v2\/types\/product"}],"replies":[{"embeddable":true,"href":"https:\/\/blackrook.com.br\/loja\/wp-json\/wp\/v2\/comments?post=2162"}],"version-history":[{"count":6,"href":"https:\/\/blackrook.com.br\/loja\/wp-json\/wp\/v2\/product\/2162\/revisions"}],"predecessor-version":[{"id":2558,"href":"https:\/\/blackrook.com.br\/loja\/wp-json\/wp\/v2\/product\/2162\/revisions\/2558"}],"wp:featuredmedia":[{"embeddable":true,"href":"https:\/\/blackrook.com.br\/loja\/wp-json\/wp\/v2\/media\/2177"}],"wp:attachment":[{"href":"https:\/\/blackrook.com.br\/loja\/wp-json\/wp\/v2\/media?parent=2162"}],"wp:term":[{"taxonomy":"brand","embeddable":true,"href":"https:\/\/blackrook.com.br\/loja\/wp-json\/wp\/v2\/etheme_brands?post=2162"},{"taxonomy":"product_brand","embeddable":true,"href":"https:\/\/blackrook.com.br\/loja\/wp-json\/wp\/v2\/product_brand?post=2162"},{"taxonomy":"product_cat","embeddable":true,"href":"https:\/\/blackrook.com.br\/loja\/wp-json\/wp\/v2\/product_cat?post=2162"},{"taxonomy":"product_tag","embeddable":true,"href":"https:\/\/blackrook.com.br\/loja\/wp-json\/wp\/v2\/product_tag?post=2162"}],"curies":[{"name":"wp","href":"https:\/\/api.w.org\/{rel}","templated":true}]}}