{"id":53,"date":"2022-02-06T09:58:39","date_gmt":"2022-02-06T09:58:39","guid":{"rendered":"https:\/\/xstore.8theme.com\/elementor\/demos\/minimal-electronics\/?page_id=53"},"modified":"2025-02-18T11:11:53","modified_gmt":"2025-02-18T14:11:53","slug":"about-us","status":"publish","type":"page","link":"https:\/\/blackrook.com.br\/loja\/about-us\/","title":{"rendered":"About us"},"content":{"rendered":"<h2>\n            Sobre n\u00f3s<br \/>\n        <\/h2>\n<p>\n                    A Black Rook Importadora nasceu com um prop\u00f3sito claro: revolucionar o universo gamer. Com apenas 2 anos de atua\u00e7\u00e3o na importa\u00e7\u00e3o e 20 anos de experiencia na \u00e1rea de tecnologia e gamer, j\u00e1 estamos fazendo barulho no setor, trazendo as maiores tend\u00eancias e inova\u00e7\u00f5es tecnol\u00f3gicas diretamente da China para o mercado brasileiro.                 <\/p>\n<p>\t\t\t\t\t\t\t\t\t\t\t\t\t<img loading=\"lazy\" decoding=\"async\" width=\"1600\" height=\"500\" src=\"http:\/\/blackrook.local\/wp-content\/uploads\/2024\/09\/BG-AZUL-1.jpg\" alt=\"\" loading=\"lazy\" \/><br \/>\n                    BLACK ROOK<br \/>\n            Mais de 20 anos oferecendo experi\u00eancia na\u00e1rea tecnologia e games<\/p>\n<p>\n                    Acreditamos que o mundo gamer merece constante evolu\u00e7\u00e3o, e por isso buscamos produtos que inspirem, transformem e proporcionem experi\u00eancias imersivas e \u00fanicas. Nossa miss\u00e3o \u00e9 conectar os gamers ao futuro da tecnologia, com um portf\u00f3lio repleto de novidades que desafiam os limites do que \u00e9 poss\u00edvel.                <\/p>\n<p>                    <a data-elementor-open-lightbox=\"no\" data-thumbnail=\"http:\/\/blackrook.local\/wp-content\/uploads\/2024\/09\/l11-1.jpg\" data-width=\"456\" data-height=\"156\" alt=\"\" style=\"background-image: url(&#039;http:\/\/blackrook.local\/wp-content\/uploads\/2024\/09\/l11-1.jpg&#039;)\" href=\"http:\/\/blackrook.local\/wp-content\/uploads\/2024\/09\/l11-1.jpg\"><\/a><br \/>\n                    <a data-elementor-open-lightbox=\"no\" data-thumbnail=\"http:\/\/blackrook.local\/wp-content\/uploads\/2024\/09\/l9-1.jpg\" data-width=\"456\" data-height=\"156\" alt=\"\" style=\"background-image: url(&#039;http:\/\/blackrook.local\/wp-content\/uploads\/2024\/09\/l9-1.jpg&#039;)\" href=\"http:\/\/blackrook.local\/wp-content\/uploads\/2024\/09\/l9-1.jpg\"><\/a><br \/>\n                    <a data-elementor-open-lightbox=\"no\" data-thumbnail=\"http:\/\/blackrook.local\/wp-content\/uploads\/2024\/09\/l10-1.jpg\" data-width=\"456\" data-height=\"156\" alt=\"\" style=\"background-image: url(&#039;http:\/\/blackrook.local\/wp-content\/uploads\/2024\/09\/l10-1.jpg&#039;)\" href=\"http:\/\/blackrook.local\/wp-content\/uploads\/2024\/09\/l10-1.jpg\"><\/a><br \/>\n                    <a data-elementor-open-lightbox=\"no\" data-thumbnail=\"http:\/\/blackrook.local\/wp-content\/uploads\/2024\/09\/l2-1.jpg\" data-width=\"456\" data-height=\"156\" alt=\"\" style=\"background-image: url(&#039;http:\/\/blackrook.local\/wp-content\/uploads\/2024\/09\/l2-1.jpg&#039;)\" href=\"http:\/\/blackrook.local\/wp-content\/uploads\/2024\/09\/l2-1.jpg\"><\/a><br \/>\n                    <a data-elementor-open-lightbox=\"no\" data-thumbnail=\"http:\/\/blackrook.local\/wp-content\/uploads\/2024\/09\/l3-1.jpg\" data-width=\"456\" data-height=\"156\" alt=\"\" style=\"background-image: url(&#039;http:\/\/blackrook.local\/wp-content\/uploads\/2024\/09\/l3-1.jpg&#039;)\" href=\"http:\/\/blackrook.local\/wp-content\/uploads\/2024\/09\/l3-1.jpg\"><\/a><br \/>\n                    <a data-elementor-open-lightbox=\"no\" data-thumbnail=\"http:\/\/blackrook.local\/wp-content\/uploads\/2024\/09\/l1-1.jpg\" data-width=\"456\" data-height=\"156\" alt=\"\" style=\"background-image: url(&#039;http:\/\/blackrook.local\/wp-content\/uploads\/2024\/09\/l1-1.jpg&#039;)\" href=\"http:\/\/blackrook.local\/wp-content\/uploads\/2024\/09\/l1-1.jpg\"><\/a><br \/>\n                    <a data-elementor-open-lightbox=\"no\" data-thumbnail=\"http:\/\/blackrook.local\/wp-content\/uploads\/2024\/09\/l4-1.jpg\" data-width=\"456\" data-height=\"156\" alt=\"\" style=\"background-image: url(&#039;http:\/\/blackrook.local\/wp-content\/uploads\/2024\/09\/l4-1.jpg&#039;)\" href=\"http:\/\/blackrook.local\/wp-content\/uploads\/2024\/09\/l4-1.jpg\"><\/a><br \/>\n                    <a data-elementor-open-lightbox=\"no\" data-thumbnail=\"http:\/\/blackrook.local\/wp-content\/uploads\/2024\/09\/l7-1.jpg\" data-width=\"456\" data-height=\"156\" alt=\"\" style=\"background-image: url(&#039;http:\/\/blackrook.local\/wp-content\/uploads\/2024\/09\/l7-1.jpg&#039;)\" href=\"http:\/\/blackrook.local\/wp-content\/uploads\/2024\/09\/l7-1.jpg\"><\/a><br \/>\n                    <a data-elementor-open-lightbox=\"no\" data-thumbnail=\"http:\/\/blackrook.local\/wp-content\/uploads\/2024\/09\/l8-1.jpg\" data-width=\"456\" data-height=\"156\" alt=\"\" style=\"background-image: url(&#039;http:\/\/blackrook.local\/wp-content\/uploads\/2024\/09\/l8-1.jpg&#039;)\" href=\"http:\/\/blackrook.local\/wp-content\/uploads\/2024\/09\/l8-1.jpg\"><\/a><br \/>\n\t\t\t\t\t\t\t\t\t\t\t\t\t<img loading=\"lazy\" decoding=\"async\" width=\"649\" height=\"789\" src=\"http:\/\/blackrook.local\/wp-content\/uploads\/2024\/09\/axa.jpg\" alt=\"\" loading=\"lazy\" \/>\t\t\t\t\t\t\t\t\t\t\t\t\t<\/p>\n<p>BLACK ROOK<\/p>\n<h2 data-style=\"highlight\">\n\t                        Em busca do novo,<br \/>\n\t\t        trazendo tend\u00eancias<br \/>\n                         que revolucionem<br \/>\n                            <\/h2>\n<p>Nossa miss\u00e3o \u00e9 renovar o cen\u00e1rio gamer tecnol\u00f3gico, oferecendo produtos inovadores e de alta qualidade, importados diretamente da China, para proporcionar experi\u00eancias \u00fanicas e imersivas aos nossos clientes.<\/p>\n<h2>Nossa Vis\u00e3o<\/h2>\n<p>Ser a principal refer\u00eancia em inova\u00e7\u00e3o e tend\u00eancias no setor gamer no Brasil, conectando gamers a tecnologias disruptivas e produtos exclusivos que transformem a experi\u00eancia de jogo.<\/p>\n<h2>Nossa Valores<\/h2>\n<ul>\n<li><strong>Inova\u00e7\u00e3o<\/strong>: Estamos sempre em busca do novo, trazendo tend\u00eancias que revolucionem o mundo gamer.<\/li>\n<li><strong>Qualidade<\/strong>: Garantimos produtos selecionados, que atendem aos mais altos padr\u00f5es de qualidade.<\/li>\n<li><strong>Credibilidade<\/strong>: Atuamos de forma transparente e confi\u00e1vel, sempre honrando nossos compromissos.<\/li>\n<\/ul>\n","protected":false},"excerpt":{"rendered":"<p>Sobre n\u00f3s A Black Rook Importadora nasceu com um prop\u00f3sito claro: revolucionar o universo gamer. Com apenas 2 anos de atua\u00e7\u00e3o na importa\u00e7\u00e3o e 20&#8230;<\/p>\n","protected":false},"author":1,"featured_media":0,"parent":0,"menu_order":0,"comment_status":"closed","ping_status":"closed","template":"","meta":{"_joinchat":[],"footnotes":""},"class_list":["post-53","page","type-page","status-publish","hentry"],"_links":{"self":[{"href":"https:\/\/blackrook.com.br\/loja\/wp-json\/wp\/v2\/pages\/53","targetHints":{"allow":["GET"]}}],"collection":[{"href":"https:\/\/blackrook.com.br\/loja\/wp-json\/wp\/v2\/pages"}],"about":[{"href":"https:\/\/blackrook.com.br\/loja\/wp-json\/wp\/v2\/types\/page"}],"author":[{"embeddable":true,"href":"https:\/\/blackrook.com.br\/loja\/wp-json\/wp\/v2\/users\/1"}],"replies":[{"embeddable":true,"href":"https:\/\/blackrook.com.br\/loja\/wp-json\/wp\/v2\/comments?post=53"}],"version-history":[{"count":15,"href":"https:\/\/blackrook.com.br\/loja\/wp-json\/wp\/v2\/pages\/53\/revisions"}],"predecessor-version":[{"id":2104,"href":"https:\/\/blackrook.com.br\/loja\/wp-json\/wp\/v2\/pages\/53\/revisions\/2104"}],"wp:attachment":[{"href":"https:\/\/blackrook.com.br\/loja\/wp-json\/wp\/v2\/media?parent=53"}],"curies":[{"name":"wp","href":"https:\/\/api.w.org\/{rel}","templated":true}]}}